{"id":49,"date":"2023-09-10T19:28:31","date_gmt":"2023-09-10T17:28:31","guid":{"rendered":"https:\/\/foerderkreis-gw.de\/?page_id=49"},"modified":"2025-10-05T14:50:29","modified_gmt":"2025-10-05T12:50:29","slug":"den-foerderkreis-unterstuetzen","status":"publish","type":"page","link":"https:\/\/foerderkreis-gw.de\/?page_id=49","title":{"rendered":"Den F\u00f6rderkreis unterst\u00fctzen"},"content":{"rendered":"\n<h2 class=\"wp-block-heading\">Mitglied werden<\/h2>\n\n\n\n<p>Wir freuen uns, Sie als Mitglied bei uns im F\u00f6rderkreis begr\u00fc\u00dfen zu d\u00fcrfen. Die Beitrittserkl\u00e4rung finden Sie direkt hier. <\/p>\n\n\n\n<div class=\"wp-block-file\"><a id=\"wp-block-file--media-4a0536ff-a78e-41fa-889a-7d914460e2b7\" href=\"https:\/\/foerderkreis-gw.de\/wp-content\/uploads\/2025\/08\/Aufnahmeantrag_Foerderkreis_V0825_Formular.pdf\" target=\"_blank\" rel=\"noreferrer noopener\">Aufnahmeantrag<\/a><a href=\"https:\/\/foerderkreis-gw.de\/wp-content\/uploads\/2025\/08\/Aufnahmeantrag_Foerderkreis_V0825_Formular.pdf\" class=\"wp-block-file__button wp-element-button\" download aria-describedby=\"wp-block-file--media-4a0536ff-a78e-41fa-889a-7d914460e2b7\">Herunterladen<\/a><\/div>\n\n\n\n<p><\/p>\n\n\n\n<p>Den ausgef\u00fcllten und pers\u00f6nlich unterschriebenen Antrag senden Sie bitte an:<br><\/p>\n\n\n<p style=\"padding-left: 40px;\">vorstand@foerderkreis-gw.de<\/p>\n<p>oder<\/p>\n<p style=\"padding-left: 40px;\">F\u00f6rderkreis GW e.V.<br>c\/o Technische Hochschule Mittelhessen <br>Wilhelm-Leuschner-Stra\u00dfe 13<br>61169 Friedberg<\/p>\n\n\n<p><\/p>\n\n\n\n<div style=\"height:29px\" aria-hidden=\"true\" class=\"wp-block-spacer\"><\/div>\n\n\n\n<h2 class=\"wp-block-heading\">Spenden<\/h2>\n\n\n\n<p>Sie m\u00f6chten uns mit einer Spende unterst\u00fctzen? Sehr gerne! Bitte nutzen Sie hierzu diese Bankverbindung:<\/p>\n\n\n\n<div class=\"wp-block-columns is-layout-flex wp-container-core-columns-is-layout-9d6595d7 wp-block-columns-is-layout-flex\">\n<div class=\"wp-block-column is-layout-flow wp-block-column-is-layout-flow\"><div class=\"wp-block-image\">\n<figure class=\"aligncenter size-full is-resized\"><img loading=\"lazy\" decoding=\"async\" width=\"367\" height=\"366\" src=\"https:\/\/foerderkreis-gw.de\/wp-content\/uploads\/2023\/10\/iban_DE23513900000086962004.png\" alt=\"\" class=\"wp-image-160\" style=\"object-fit:cover;width:150px;height:150px\" srcset=\"https:\/\/foerderkreis-gw.de\/wp-content\/uploads\/2023\/10\/iban_DE23513900000086962004.png 367w, https:\/\/foerderkreis-gw.de\/wp-content\/uploads\/2023\/10\/iban_DE23513900000086962004-300x300.png 300w, https:\/\/foerderkreis-gw.de\/wp-content\/uploads\/2023\/10\/iban_DE23513900000086962004-150x150.png 150w, https:\/\/foerderkreis-gw.de\/wp-content\/uploads\/2023\/10\/iban_DE23513900000086962004-301x300.png 301w\" sizes=\"auto, (max-width: 367px) 100vw, 367px\" \/><figcaption class=\"wp-element-caption\">Giro Code<\/figcaption><\/figure>\n<\/div><\/div>\n\n\n\n<div class=\"wp-block-column is-layout-flow wp-block-column-is-layout-flow\">\n<p><\/p>\n\n\n\n<p><strong>Volksbank Mittelhessen<br><\/strong>IBAN:&nbsp;<strong>DE23 5139 0000 0086 9620 04<\/strong><br>BIC:&nbsp;<strong>VBMHDE5F<\/strong><\/p>\n<\/div>\n<\/div>\n\n\n\n<p><\/p>\n","protected":false},"excerpt":{"rendered":"<p>Mitglied werden Wir freuen uns, Sie als Mitglied bei uns im F\u00f6rderkreis begr\u00fc\u00dfen zu d\u00fcrfen. Die Beitrittserkl\u00e4rung finden Sie direkt hier. Den ausgef\u00fcllten und pers\u00f6nlich unterschriebenen Antrag senden Sie bitte an: vorstand@foerderkreis-gw.de oder F\u00f6rderkreis GW e.V.c\/o Technische Hochschule Mittelhessen Wilhelm-Leuschner-Stra\u00dfe &hellip; <a href=\"https:\/\/foerderkreis-gw.de\/?page_id=49\">Weiterlesen <span class=\"meta-nav\">&rarr;<\/span><\/a><\/p>\n","protected":false},"author":2,"featured_media":0,"parent":0,"menu_order":0,"comment_status":"closed","ping_status":"closed","template":"","meta":{"ngg_post_thumbnail":0,"footnotes":""},"class_list":["post-49","page","type-page","status-publish","hentry"],"_links":{"self":[{"href":"https:\/\/foerderkreis-gw.de\/index.php?rest_route=\/wp\/v2\/pages\/49","targetHints":{"allow":["GET"]}}],"collection":[{"href":"https:\/\/foerderkreis-gw.de\/index.php?rest_route=\/wp\/v2\/pages"}],"about":[{"href":"https:\/\/foerderkreis-gw.de\/index.php?rest_route=\/wp\/v2\/types\/page"}],"author":[{"embeddable":true,"href":"https:\/\/foerderkreis-gw.de\/index.php?rest_route=\/wp\/v2\/users\/2"}],"replies":[{"embeddable":true,"href":"https:\/\/foerderkreis-gw.de\/index.php?rest_route=%2Fwp%2Fv2%2Fcomments&post=49"}],"version-history":[{"count":16,"href":"https:\/\/foerderkreis-gw.de\/index.php?rest_route=\/wp\/v2\/pages\/49\/revisions"}],"predecessor-version":[{"id":728,"href":"https:\/\/foerderkreis-gw.de\/index.php?rest_route=\/wp\/v2\/pages\/49\/revisions\/728"}],"wp:attachment":[{"href":"https:\/\/foerderkreis-gw.de\/index.php?rest_route=%2Fwp%2Fv2%2Fmedia&parent=49"}],"curies":[{"name":"wp","href":"https:\/\/api.w.org\/{rel}","templated":true}]}}